{"id":2006,"date":"2022-11-28T16:00:17","date_gmt":"2022-11-28T19:00:17","guid":{"rendered":"https:\/\/mettapapelaria.com.br\/catalogo\/produto\/mochila-de-costas-casual-notebook-rosa-ecko-unltd\/"},"modified":"2022-11-28T16:00:17","modified_gmt":"2022-11-28T19:00:17","slug":"mochila-de-costas-casual-notebook-rosa-ecko-unltd","status":"publish","type":"product","link":"https:\/\/mettapapelaria.com.br\/catalogo\/produto\/mochila-de-costas-casual-notebook-rosa-ecko-unltd\/","title":{"rendered":"MOCHILA DE COSTAS CASUAL NOTEBOOK ROSA ECKO UNLTD"},"content":{"rendered":"<h4><span style=\"font-family: Arial; font-weight: bold;\">Cacter\u00edsticas<\/span><\/h4>\n<h4>\n<ul>\n<li><span style=\"font-family: Arial;\">Confeccionada em tecido em material 100% poli\u00e9ster de alta qualidade<\/span><\/li>\n<li><span style=\"font-family: Arial;\">Possui 3 bolsos externos<\/span><\/li>\n<li><span style=\"font-family: Arial;\">Bolso principal para armazenar livros, roupas, acess\u00f3rios, com fechamento em z\u00edper na cor rosa<\/span><\/li>\n<li><span style=\"font-family: Arial;\">Compartimento para notebook de at\u00e9 15&#8243; no bolso principal preso em el\u00e1stico<\/span><\/li>\n<li><span style=\"font-family: Arial;\">Bolso frontal na parte superior com fechamento em z\u00edper na cor rosa<\/span><\/li>\n<li><span style=\"font-family: Arial;\">Bolso frontal para armazenar pequenos objetos, como carteira, celular, com fechamento em z\u00edper na cor rosa<\/span><\/li>\n<li><span style=\"font-family: Arial;\">Estampa com o logotipo da marca Ecko na parte frontal (superior e inferior) da mochila na cor preta<\/span><\/li>\n<li><span style=\"font-family: Arial;\">Logotipo em costura da marca Ecko na parte traseira da mochila<\/span><\/li>\n<li><span style=\"font-family: Arial;\">Forro interno na cor preta<\/span><\/li>\n<li><span style=\"font-family: Arial;\">Possui bolsos laterais com elastico para prender os objetos armazenados<\/span><\/li>\n<li><span style=\"font-family: Arial;\">Al\u00e7as ergon\u00f4micas regul\u00e1veis e refor\u00e7adas<\/span><\/li>\n<li><span style=\"font-family: Arial;\">Al\u00e7a de m\u00e3o refor\u00e7ada<\/span><\/li>\n<li><span style=\"font-family: Arial;\">Puxadores em metal personalizados da marca Ecko<\/span><\/li>\n<li><span style=\"font-family: Arial;\">Etiqueitas personalizadas na parte frontal e na al\u00e7a de costas<\/span><\/li>\n<li><span style=\"font-family: Arial;\">Mochila aut\u00eantica, resistente e original<\/span><\/li>\n<\/ul>\n<\/h4>\n<h4><span style=\"font-family: Arial; font-weight: bold;\">Especifa\u00e7\u00f5es T\u00e9cnicas:<\/span><\/h4>\n<h4>\n<ul>\n<li><span style=\"font-family: Arial;\"><span style=\"color: inherit;\">Material: Poli\u00e9ster\/Matelass\u00ea<\/span><\/span><\/li>\n<li><span style=\"font-family: Arial;\">Medidas (AxLxP): 43x31x13<\/span><\/li>\n<li><span style=\"font-family: Arial;\">Peso: 0,400<\/span><\/li>\n<li><span style=\"font-family: Arial;\">Litros: 17 L<\/span><\/li>\n<\/ul>\n<\/h4>\n","protected":false},"excerpt":{"rendered":"<p>Cacter\u00edsticas Confeccionada em tecido em material 100% poli\u00e9ster de alta qualidade Possui 3 bolsos externos Bolso principal para armazenar livros, roupas, acess\u00f3rios, com fechamento em&#8230;<\/p>\n","protected":false},"featured_media":2003,"comment_status":"open","ping_status":"closed","template":"","meta":[],"etheme_brands":[],"product_brand":[],"product_cat":[25,31],"product_tag":[],"class_list":{"0":"post-2006","1":"product","2":"type-product","3":"status-publish","4":"has-post-thumbnail","6":"product_cat-material","7":"product_cat-mochilas-bolsas","9":"first","10":"instock","11":"sold-individually","12":"shipping-taxable","13":"purchasable","14":"product-type-simple"},"yoast_head":"<!-- This site is optimized with the Yoast SEO plugin v26.9 - https:\/\/yoast.com\/product\/yoast-seo-wordpress\/ -->\n<title>MOCHILA DE COSTAS CASUAL NOTEBOOK ROSA ECKO UNLTD - Metta Papelaria<\/title>\n<meta name=\"robots\" content=\"index, follow, max-snippet:-1, max-image-preview:large, max-video-preview:-1\" \/>\n<link rel=\"canonical\" href=\"https:\/\/mettapapelaria.com.br\/catalogo\/produto\/mochila-de-costas-casual-notebook-rosa-ecko-unltd\/\" \/>\n<meta property=\"og:locale\" content=\"pt_BR\" \/>\n<meta property=\"og:type\" content=\"article\" \/>\n<meta property=\"og:title\" content=\"MOCHILA DE COSTAS CASUAL NOTEBOOK ROSA ECKO UNLTD - Metta Papelaria\" \/>\n<meta property=\"og:description\" content=\"Cacter\u00edsticas Confeccionada em tecido em material 100% poli\u00e9ster de alta qualidade Possui 3 bolsos externos Bolso principal para armazenar livros, roupas, acess\u00f3rios, com fechamento em...\" \/>\n<meta property=\"og:url\" content=\"https:\/\/mettapapelaria.com.br\/catalogo\/produto\/mochila-de-costas-casual-notebook-rosa-ecko-unltd\/\" \/>\n<meta property=\"og:site_name\" content=\"Metta Papelaria\" \/>\n<meta property=\"article:publisher\" content=\"https:\/\/www.facebook.com\/mettapapelaria\/\" \/>\n<meta property=\"og:image\" content=\"https:\/\/mettapapelaria.com.br\/catalogo\/wp-content\/uploads\/2022\/11\/MOCHILA-CASUAL-NOTEBOOK-ROSA-ECKO-UNLTD.jpg\" \/>\n\t<meta property=\"og:image:width\" content=\"1080\" \/>\n\t<meta property=\"og:image:height\" content=\"1080\" \/>\n\t<meta property=\"og:image:type\" content=\"image\/jpeg\" \/>\n<meta name=\"twitter:card\" content=\"summary_large_image\" \/>\n<meta name=\"twitter:label1\" content=\"Est. tempo de leitura\" \/>\n\t<meta name=\"twitter:data1\" content=\"1 minuto\" \/>\n<script type=\"application\/ld+json\" class=\"yoast-schema-graph\">{\"@context\":\"https:\/\/schema.org\",\"@graph\":[{\"@type\":\"WebPage\",\"@id\":\"https:\/\/mettapapelaria.com.br\/catalogo\/produto\/mochila-de-costas-casual-notebook-rosa-ecko-unltd\/\",\"url\":\"https:\/\/mettapapelaria.com.br\/catalogo\/produto\/mochila-de-costas-casual-notebook-rosa-ecko-unltd\/\",\"name\":\"MOCHILA DE COSTAS CASUAL NOTEBOOK ROSA ECKO UNLTD - Metta Papelaria\",\"isPartOf\":{\"@id\":\"https:\/\/mettapapelaria.com.br\/catalogo\/#website\"},\"primaryImageOfPage\":{\"@id\":\"https:\/\/mettapapelaria.com.br\/catalogo\/produto\/mochila-de-costas-casual-notebook-rosa-ecko-unltd\/#primaryimage\"},\"image\":{\"@id\":\"https:\/\/mettapapelaria.com.br\/catalogo\/produto\/mochila-de-costas-casual-notebook-rosa-ecko-unltd\/#primaryimage\"},\"thumbnailUrl\":\"https:\/\/mettapapelaria.com.br\/catalogo\/wp-content\/uploads\/2022\/11\/MOCHILA-CASUAL-NOTEBOOK-ROSA-ECKO-UNLTD.jpg\",\"datePublished\":\"2022-11-28T19:00:17+00:00\",\"breadcrumb\":{\"@id\":\"https:\/\/mettapapelaria.com.br\/catalogo\/produto\/mochila-de-costas-casual-notebook-rosa-ecko-unltd\/#breadcrumb\"},\"inLanguage\":\"pt-BR\",\"potentialAction\":[{\"@type\":\"ReadAction\",\"target\":[\"https:\/\/mettapapelaria.com.br\/catalogo\/produto\/mochila-de-costas-casual-notebook-rosa-ecko-unltd\/\"]}]},{\"@type\":\"ImageObject\",\"inLanguage\":\"pt-BR\",\"@id\":\"https:\/\/mettapapelaria.com.br\/catalogo\/produto\/mochila-de-costas-casual-notebook-rosa-ecko-unltd\/#primaryimage\",\"url\":\"https:\/\/mettapapelaria.com.br\/catalogo\/wp-content\/uploads\/2022\/11\/MOCHILA-CASUAL-NOTEBOOK-ROSA-ECKO-UNLTD.jpg\",\"contentUrl\":\"https:\/\/mettapapelaria.com.br\/catalogo\/wp-content\/uploads\/2022\/11\/MOCHILA-CASUAL-NOTEBOOK-ROSA-ECKO-UNLTD.jpg\",\"width\":1080,\"height\":1080,\"caption\":\"MOCHILA DE COSTAS CASUAL NOTEBOOK ROSA ECKO UNLTD\"},{\"@type\":\"BreadcrumbList\",\"@id\":\"https:\/\/mettapapelaria.com.br\/catalogo\/produto\/mochila-de-costas-casual-notebook-rosa-ecko-unltd\/#breadcrumb\",\"itemListElement\":[{\"@type\":\"ListItem\",\"position\":1,\"name\":\"In\u00edcio\",\"item\":\"https:\/\/mettapapelaria.com.br\/catalogo\/\"},{\"@type\":\"ListItem\",\"position\":2,\"name\":\"Shop\",\"item\":\"https:\/\/mettapapelaria.com.br\/catalogo\/shop\/\"},{\"@type\":\"ListItem\",\"position\":3,\"name\":\"MOCHILA DE COSTAS CASUAL NOTEBOOK ROSA ECKO UNLTD\"}]},{\"@type\":\"WebSite\",\"@id\":\"https:\/\/mettapapelaria.com.br\/catalogo\/#website\",\"url\":\"https:\/\/mettapapelaria.com.br\/catalogo\/\",\"name\":\"Metta Papelaria\",\"description\":\"Materiais e equipamentos de escrit\u00f3rio, suprimentos para inform\u00e1tica, e uma diversificada linha de material escolar\",\"publisher\":{\"@id\":\"https:\/\/mettapapelaria.com.br\/catalogo\/#organization\"},\"potentialAction\":[{\"@type\":\"SearchAction\",\"target\":{\"@type\":\"EntryPoint\",\"urlTemplate\":\"https:\/\/mettapapelaria.com.br\/catalogo\/?s={search_term_string}\"},\"query-input\":{\"@type\":\"PropertyValueSpecification\",\"valueRequired\":true,\"valueName\":\"search_term_string\"}}],\"inLanguage\":\"pt-BR\"},{\"@type\":\"Organization\",\"@id\":\"https:\/\/mettapapelaria.com.br\/catalogo\/#organization\",\"name\":\"Metta Papelaria\",\"url\":\"https:\/\/mettapapelaria.com.br\/catalogo\/\",\"logo\":{\"@type\":\"ImageObject\",\"inLanguage\":\"pt-BR\",\"@id\":\"https:\/\/mettapapelaria.com.br\/catalogo\/#\/schema\/logo\/image\/\",\"url\":\"https:\/\/mettapapelaria.com.br\/catalogo\/wp-content\/uploads\/2023\/12\/cropped-favicon-Metta_512-1.png\",\"contentUrl\":\"https:\/\/mettapapelaria.com.br\/catalogo\/wp-content\/uploads\/2023\/12\/cropped-favicon-Metta_512-1.png\",\"width\":512,\"height\":512,\"caption\":\"Metta Papelaria\"},\"image\":{\"@id\":\"https:\/\/mettapapelaria.com.br\/catalogo\/#\/schema\/logo\/image\/\"},\"sameAs\":[\"https:\/\/www.facebook.com\/mettapapelaria\/\",\"https:\/\/www.instagram.com\/papelariametta\/\"]}]}<\/script>\n<!-- \/ Yoast SEO plugin. -->","yoast_head_json":{"title":"MOCHILA DE COSTAS CASUAL NOTEBOOK ROSA ECKO UNLTD - Metta Papelaria","robots":{"index":"index","follow":"follow","max-snippet":"max-snippet:-1","max-image-preview":"max-image-preview:large","max-video-preview":"max-video-preview:-1"},"canonical":"https:\/\/mettapapelaria.com.br\/catalogo\/produto\/mochila-de-costas-casual-notebook-rosa-ecko-unltd\/","og_locale":"pt_BR","og_type":"article","og_title":"MOCHILA DE COSTAS CASUAL NOTEBOOK ROSA ECKO UNLTD - Metta Papelaria","og_description":"Cacter\u00edsticas Confeccionada em tecido em material 100% poli\u00e9ster de alta qualidade Possui 3 bolsos externos Bolso principal para armazenar livros, roupas, acess\u00f3rios, com fechamento em...","og_url":"https:\/\/mettapapelaria.com.br\/catalogo\/produto\/mochila-de-costas-casual-notebook-rosa-ecko-unltd\/","og_site_name":"Metta Papelaria","article_publisher":"https:\/\/www.facebook.com\/mettapapelaria\/","og_image":[{"width":1080,"height":1080,"url":"https:\/\/mettapapelaria.com.br\/catalogo\/wp-content\/uploads\/2022\/11\/MOCHILA-CASUAL-NOTEBOOK-ROSA-ECKO-UNLTD.jpg","type":"image\/jpeg"}],"twitter_card":"summary_large_image","twitter_misc":{"Est. tempo de leitura":"1 minuto"},"schema":{"@context":"https:\/\/schema.org","@graph":[{"@type":"WebPage","@id":"https:\/\/mettapapelaria.com.br\/catalogo\/produto\/mochila-de-costas-casual-notebook-rosa-ecko-unltd\/","url":"https:\/\/mettapapelaria.com.br\/catalogo\/produto\/mochila-de-costas-casual-notebook-rosa-ecko-unltd\/","name":"MOCHILA DE COSTAS CASUAL NOTEBOOK ROSA ECKO UNLTD - Metta Papelaria","isPartOf":{"@id":"https:\/\/mettapapelaria.com.br\/catalogo\/#website"},"primaryImageOfPage":{"@id":"https:\/\/mettapapelaria.com.br\/catalogo\/produto\/mochila-de-costas-casual-notebook-rosa-ecko-unltd\/#primaryimage"},"image":{"@id":"https:\/\/mettapapelaria.com.br\/catalogo\/produto\/mochila-de-costas-casual-notebook-rosa-ecko-unltd\/#primaryimage"},"thumbnailUrl":"https:\/\/mettapapelaria.com.br\/catalogo\/wp-content\/uploads\/2022\/11\/MOCHILA-CASUAL-NOTEBOOK-ROSA-ECKO-UNLTD.jpg","datePublished":"2022-11-28T19:00:17+00:00","breadcrumb":{"@id":"https:\/\/mettapapelaria.com.br\/catalogo\/produto\/mochila-de-costas-casual-notebook-rosa-ecko-unltd\/#breadcrumb"},"inLanguage":"pt-BR","potentialAction":[{"@type":"ReadAction","target":["https:\/\/mettapapelaria.com.br\/catalogo\/produto\/mochila-de-costas-casual-notebook-rosa-ecko-unltd\/"]}]},{"@type":"ImageObject","inLanguage":"pt-BR","@id":"https:\/\/mettapapelaria.com.br\/catalogo\/produto\/mochila-de-costas-casual-notebook-rosa-ecko-unltd\/#primaryimage","url":"https:\/\/mettapapelaria.com.br\/catalogo\/wp-content\/uploads\/2022\/11\/MOCHILA-CASUAL-NOTEBOOK-ROSA-ECKO-UNLTD.jpg","contentUrl":"https:\/\/mettapapelaria.com.br\/catalogo\/wp-content\/uploads\/2022\/11\/MOCHILA-CASUAL-NOTEBOOK-ROSA-ECKO-UNLTD.jpg","width":1080,"height":1080,"caption":"MOCHILA DE COSTAS CASUAL NOTEBOOK ROSA ECKO UNLTD"},{"@type":"BreadcrumbList","@id":"https:\/\/mettapapelaria.com.br\/catalogo\/produto\/mochila-de-costas-casual-notebook-rosa-ecko-unltd\/#breadcrumb","itemListElement":[{"@type":"ListItem","position":1,"name":"In\u00edcio","item":"https:\/\/mettapapelaria.com.br\/catalogo\/"},{"@type":"ListItem","position":2,"name":"Shop","item":"https:\/\/mettapapelaria.com.br\/catalogo\/shop\/"},{"@type":"ListItem","position":3,"name":"MOCHILA DE COSTAS CASUAL NOTEBOOK ROSA ECKO UNLTD"}]},{"@type":"WebSite","@id":"https:\/\/mettapapelaria.com.br\/catalogo\/#website","url":"https:\/\/mettapapelaria.com.br\/catalogo\/","name":"Metta Papelaria","description":"Materiais e equipamentos de escrit\u00f3rio, suprimentos para inform\u00e1tica, e uma diversificada linha de material escolar","publisher":{"@id":"https:\/\/mettapapelaria.com.br\/catalogo\/#organization"},"potentialAction":[{"@type":"SearchAction","target":{"@type":"EntryPoint","urlTemplate":"https:\/\/mettapapelaria.com.br\/catalogo\/?s={search_term_string}"},"query-input":{"@type":"PropertyValueSpecification","valueRequired":true,"valueName":"search_term_string"}}],"inLanguage":"pt-BR"},{"@type":"Organization","@id":"https:\/\/mettapapelaria.com.br\/catalogo\/#organization","name":"Metta Papelaria","url":"https:\/\/mettapapelaria.com.br\/catalogo\/","logo":{"@type":"ImageObject","inLanguage":"pt-BR","@id":"https:\/\/mettapapelaria.com.br\/catalogo\/#\/schema\/logo\/image\/","url":"https:\/\/mettapapelaria.com.br\/catalogo\/wp-content\/uploads\/2023\/12\/cropped-favicon-Metta_512-1.png","contentUrl":"https:\/\/mettapapelaria.com.br\/catalogo\/wp-content\/uploads\/2023\/12\/cropped-favicon-Metta_512-1.png","width":512,"height":512,"caption":"Metta Papelaria"},"image":{"@id":"https:\/\/mettapapelaria.com.br\/catalogo\/#\/schema\/logo\/image\/"},"sameAs":["https:\/\/www.facebook.com\/mettapapelaria\/","https:\/\/www.instagram.com\/papelariametta\/"]}]}},"_links":{"self":[{"href":"https:\/\/mettapapelaria.com.br\/catalogo\/wp-json\/wp\/v2\/product\/2006","targetHints":{"allow":["GET"]}}],"collection":[{"href":"https:\/\/mettapapelaria.com.br\/catalogo\/wp-json\/wp\/v2\/product"}],"about":[{"href":"https:\/\/mettapapelaria.com.br\/catalogo\/wp-json\/wp\/v2\/types\/product"}],"replies":[{"embeddable":true,"href":"https:\/\/mettapapelaria.com.br\/catalogo\/wp-json\/wp\/v2\/comments?post=2006"}],"version-history":[{"count":0,"href":"https:\/\/mettapapelaria.com.br\/catalogo\/wp-json\/wp\/v2\/product\/2006\/revisions"}],"wp:featuredmedia":[{"embeddable":true,"href":"https:\/\/mettapapelaria.com.br\/catalogo\/wp-json\/wp\/v2\/media\/2003"}],"wp:attachment":[{"href":"https:\/\/mettapapelaria.com.br\/catalogo\/wp-json\/wp\/v2\/media?parent=2006"}],"wp:term":[{"taxonomy":"brand","embeddable":true,"href":"https:\/\/mettapapelaria.com.br\/catalogo\/wp-json\/wp\/v2\/etheme_brands?post=2006"},{"taxonomy":"product_brand","embeddable":true,"href":"https:\/\/mettapapelaria.com.br\/catalogo\/wp-json\/wp\/v2\/product_brand?post=2006"},{"taxonomy":"product_cat","embeddable":true,"href":"https:\/\/mettapapelaria.com.br\/catalogo\/wp-json\/wp\/v2\/product_cat?post=2006"},{"taxonomy":"product_tag","embeddable":true,"href":"https:\/\/mettapapelaria.com.br\/catalogo\/wp-json\/wp\/v2\/product_tag?post=2006"}],"curies":[{"name":"wp","href":"https:\/\/api.w.org\/{rel}","templated":true}]}}