{"id":1998,"date":"2022-11-28T15:34:49","date_gmt":"2022-11-28T18:34:49","guid":{"rendered":"https:\/\/mettapapelaria.com.br\/catalogo\/produto\/mochila-de-costas-casual-veludo-vermelho-spector\/"},"modified":"2022-11-28T15:34:49","modified_gmt":"2022-11-28T18:34:49","slug":"mochila-de-costas-casual-veludo-vermelho-spector","status":"publish","type":"product","link":"https:\/\/mettapapelaria.com.br\/catalogo\/produto\/mochila-de-costas-casual-veludo-vermelho-spector\/","title":{"rendered":"MOCHILA DE COSTAS CASUAL VELUDO VERMELHO SPECTOR"},"content":{"rendered":"<h4>\n<ul>\n<li><span style=\"font-family: Arial;\">Mochila com 2 compartimentos<\/span><\/li>\n<li><span style=\"font-family: Arial;\">Bolsos laterais<\/span><\/li>\n<li><span style=\"font-family: Arial;\">Forro personalizado<\/span><\/li>\n<li><span style=\"font-family: Arial;\">Puxadores e logo personalizado<\/span><\/li>\n<li><span style=\"font-family: Arial;\">Al\u00e7a acolchoadas e ajust\u00e1veis<\/span><\/li>\n<li><span style=\"font-family: Arial;\">Acompanha chaveiro em pompom branco remov\u00edvel<\/span><\/li>\n<li><span style=\"font-family: Arial;\">Divis\u00f3ria interna<\/span><\/li>\n<li><span style=\"font-family: Arial;\">Bolso principal com amplo espa\u00e7o interno<\/span><\/li>\n<li><span style=\"font-family: Arial;\">Bolso frontal com amplo espa\u00e7o interno<\/span><\/li>\n<li><span style=\"font-family: Arial;\">Capacidade para notebook at\u00e9 15\u201d<\/span><\/li>\n<li><span style=\"font-family: Arial;\">Mochila autentica, resistente e original<\/span><\/li>\n<li><span style=\"font-family: Arial;\"><span style=\"color: inherit;\">Material: Sarja e Algod\u00e3o<\/span><\/span><\/li>\n<li><span style=\"font-family: Arial;\">Medidas Aproximadas: (AxLxP): 41x32x13cm<\/span><\/li>\n<li><span style=\"font-family: Arial;\">Peso: 0,490kg<\/span><\/li>\n<li><span style=\"font-family: Arial;\">Litros: 16,5l<\/span><\/li>\n<\/ul>\n<\/h4>\n<div><\/div>\n","protected":false},"excerpt":{"rendered":"<p>Mochila com 2 compartimentos Bolsos laterais Forro personalizado Puxadores e logo personalizado Al\u00e7a acolchoadas e ajust\u00e1veis Acompanha chaveiro em pompom branco remov\u00edvel Divis\u00f3ria interna Bolso&#8230;<\/p>\n","protected":false},"featured_media":1995,"comment_status":"open","ping_status":"closed","template":"","meta":[],"etheme_brands":[],"product_brand":[],"product_cat":[25,31],"product_tag":[],"class_list":{"0":"post-1998","1":"product","2":"type-product","3":"status-publish","4":"has-post-thumbnail","6":"product_cat-material","7":"product_cat-mochilas-bolsas","9":"first","10":"instock","11":"sold-individually","12":"shipping-taxable","13":"purchasable","14":"product-type-simple"},"yoast_head":"<!-- This site is optimized with the Yoast SEO plugin v26.9 - https:\/\/yoast.com\/product\/yoast-seo-wordpress\/ -->\n<title>MOCHILA DE COSTAS CASUAL VELUDO VERMELHO SPECTOR - Metta Papelaria<\/title>\n<meta name=\"robots\" content=\"index, follow, max-snippet:-1, max-image-preview:large, max-video-preview:-1\" \/>\n<link rel=\"canonical\" href=\"https:\/\/mettapapelaria.com.br\/catalogo\/produto\/mochila-de-costas-casual-veludo-vermelho-spector\/\" \/>\n<meta property=\"og:locale\" content=\"pt_BR\" \/>\n<meta property=\"og:type\" content=\"article\" \/>\n<meta property=\"og:title\" content=\"MOCHILA DE COSTAS CASUAL VELUDO VERMELHO SPECTOR - Metta Papelaria\" \/>\n<meta property=\"og:description\" content=\"Mochila com 2 compartimentos Bolsos laterais Forro personalizado Puxadores e logo personalizado Al\u00e7a acolchoadas e ajust\u00e1veis Acompanha chaveiro em pompom branco remov\u00edvel Divis\u00f3ria interna Bolso...\" \/>\n<meta property=\"og:url\" content=\"https:\/\/mettapapelaria.com.br\/catalogo\/produto\/mochila-de-costas-casual-veludo-vermelho-spector\/\" \/>\n<meta property=\"og:site_name\" content=\"Metta Papelaria\" \/>\n<meta property=\"article:publisher\" content=\"https:\/\/www.facebook.com\/mettapapelaria\/\" \/>\n<meta property=\"og:image\" content=\"https:\/\/mettapapelaria.com.br\/catalogo\/wp-content\/uploads\/2022\/11\/MOCHILA-CASUAL-VELUDO-VERMELHO-SPECTOR.jpg\" \/>\n\t<meta property=\"og:image:width\" content=\"1080\" \/>\n\t<meta property=\"og:image:height\" content=\"1080\" \/>\n\t<meta property=\"og:image:type\" content=\"image\/jpeg\" \/>\n<meta name=\"twitter:card\" content=\"summary_large_image\" \/>\n<script type=\"application\/ld+json\" class=\"yoast-schema-graph\">{\"@context\":\"https:\/\/schema.org\",\"@graph\":[{\"@type\":\"WebPage\",\"@id\":\"https:\/\/mettapapelaria.com.br\/catalogo\/produto\/mochila-de-costas-casual-veludo-vermelho-spector\/\",\"url\":\"https:\/\/mettapapelaria.com.br\/catalogo\/produto\/mochila-de-costas-casual-veludo-vermelho-spector\/\",\"name\":\"MOCHILA DE COSTAS CASUAL VELUDO VERMELHO SPECTOR - Metta Papelaria\",\"isPartOf\":{\"@id\":\"https:\/\/mettapapelaria.com.br\/catalogo\/#website\"},\"primaryImageOfPage\":{\"@id\":\"https:\/\/mettapapelaria.com.br\/catalogo\/produto\/mochila-de-costas-casual-veludo-vermelho-spector\/#primaryimage\"},\"image\":{\"@id\":\"https:\/\/mettapapelaria.com.br\/catalogo\/produto\/mochila-de-costas-casual-veludo-vermelho-spector\/#primaryimage\"},\"thumbnailUrl\":\"https:\/\/mettapapelaria.com.br\/catalogo\/wp-content\/uploads\/2022\/11\/MOCHILA-CASUAL-VELUDO-VERMELHO-SPECTOR.jpg\",\"datePublished\":\"2022-11-28T18:34:49+00:00\",\"breadcrumb\":{\"@id\":\"https:\/\/mettapapelaria.com.br\/catalogo\/produto\/mochila-de-costas-casual-veludo-vermelho-spector\/#breadcrumb\"},\"inLanguage\":\"pt-BR\",\"potentialAction\":[{\"@type\":\"ReadAction\",\"target\":[\"https:\/\/mettapapelaria.com.br\/catalogo\/produto\/mochila-de-costas-casual-veludo-vermelho-spector\/\"]}]},{\"@type\":\"ImageObject\",\"inLanguage\":\"pt-BR\",\"@id\":\"https:\/\/mettapapelaria.com.br\/catalogo\/produto\/mochila-de-costas-casual-veludo-vermelho-spector\/#primaryimage\",\"url\":\"https:\/\/mettapapelaria.com.br\/catalogo\/wp-content\/uploads\/2022\/11\/MOCHILA-CASUAL-VELUDO-VERMELHO-SPECTOR.jpg\",\"contentUrl\":\"https:\/\/mettapapelaria.com.br\/catalogo\/wp-content\/uploads\/2022\/11\/MOCHILA-CASUAL-VELUDO-VERMELHO-SPECTOR.jpg\",\"width\":1080,\"height\":1080,\"caption\":\"MOCHILA DE COSTAS CASUAL VELUDO VERMELHO SPECTOR\"},{\"@type\":\"BreadcrumbList\",\"@id\":\"https:\/\/mettapapelaria.com.br\/catalogo\/produto\/mochila-de-costas-casual-veludo-vermelho-spector\/#breadcrumb\",\"itemListElement\":[{\"@type\":\"ListItem\",\"position\":1,\"name\":\"In\u00edcio\",\"item\":\"https:\/\/mettapapelaria.com.br\/catalogo\/\"},{\"@type\":\"ListItem\",\"position\":2,\"name\":\"Shop\",\"item\":\"https:\/\/mettapapelaria.com.br\/catalogo\/shop\/\"},{\"@type\":\"ListItem\",\"position\":3,\"name\":\"MOCHILA DE COSTAS CASUAL VELUDO VERMELHO SPECTOR\"}]},{\"@type\":\"WebSite\",\"@id\":\"https:\/\/mettapapelaria.com.br\/catalogo\/#website\",\"url\":\"https:\/\/mettapapelaria.com.br\/catalogo\/\",\"name\":\"Metta Papelaria\",\"description\":\"Materiais e equipamentos de escrit\u00f3rio, suprimentos para inform\u00e1tica, e uma diversificada linha de material escolar\",\"publisher\":{\"@id\":\"https:\/\/mettapapelaria.com.br\/catalogo\/#organization\"},\"potentialAction\":[{\"@type\":\"SearchAction\",\"target\":{\"@type\":\"EntryPoint\",\"urlTemplate\":\"https:\/\/mettapapelaria.com.br\/catalogo\/?s={search_term_string}\"},\"query-input\":{\"@type\":\"PropertyValueSpecification\",\"valueRequired\":true,\"valueName\":\"search_term_string\"}}],\"inLanguage\":\"pt-BR\"},{\"@type\":\"Organization\",\"@id\":\"https:\/\/mettapapelaria.com.br\/catalogo\/#organization\",\"name\":\"Metta Papelaria\",\"url\":\"https:\/\/mettapapelaria.com.br\/catalogo\/\",\"logo\":{\"@type\":\"ImageObject\",\"inLanguage\":\"pt-BR\",\"@id\":\"https:\/\/mettapapelaria.com.br\/catalogo\/#\/schema\/logo\/image\/\",\"url\":\"https:\/\/mettapapelaria.com.br\/catalogo\/wp-content\/uploads\/2023\/12\/cropped-favicon-Metta_512-1.png\",\"contentUrl\":\"https:\/\/mettapapelaria.com.br\/catalogo\/wp-content\/uploads\/2023\/12\/cropped-favicon-Metta_512-1.png\",\"width\":512,\"height\":512,\"caption\":\"Metta Papelaria\"},\"image\":{\"@id\":\"https:\/\/mettapapelaria.com.br\/catalogo\/#\/schema\/logo\/image\/\"},\"sameAs\":[\"https:\/\/www.facebook.com\/mettapapelaria\/\",\"https:\/\/www.instagram.com\/papelariametta\/\"]}]}<\/script>\n<!-- \/ Yoast SEO plugin. -->","yoast_head_json":{"title":"MOCHILA DE COSTAS CASUAL VELUDO VERMELHO SPECTOR - Metta Papelaria","robots":{"index":"index","follow":"follow","max-snippet":"max-snippet:-1","max-image-preview":"max-image-preview:large","max-video-preview":"max-video-preview:-1"},"canonical":"https:\/\/mettapapelaria.com.br\/catalogo\/produto\/mochila-de-costas-casual-veludo-vermelho-spector\/","og_locale":"pt_BR","og_type":"article","og_title":"MOCHILA DE COSTAS CASUAL VELUDO VERMELHO SPECTOR - Metta Papelaria","og_description":"Mochila com 2 compartimentos Bolsos laterais Forro personalizado Puxadores e logo personalizado Al\u00e7a acolchoadas e ajust\u00e1veis Acompanha chaveiro em pompom branco remov\u00edvel Divis\u00f3ria interna Bolso...","og_url":"https:\/\/mettapapelaria.com.br\/catalogo\/produto\/mochila-de-costas-casual-veludo-vermelho-spector\/","og_site_name":"Metta Papelaria","article_publisher":"https:\/\/www.facebook.com\/mettapapelaria\/","og_image":[{"width":1080,"height":1080,"url":"https:\/\/mettapapelaria.com.br\/catalogo\/wp-content\/uploads\/2022\/11\/MOCHILA-CASUAL-VELUDO-VERMELHO-SPECTOR.jpg","type":"image\/jpeg"}],"twitter_card":"summary_large_image","schema":{"@context":"https:\/\/schema.org","@graph":[{"@type":"WebPage","@id":"https:\/\/mettapapelaria.com.br\/catalogo\/produto\/mochila-de-costas-casual-veludo-vermelho-spector\/","url":"https:\/\/mettapapelaria.com.br\/catalogo\/produto\/mochila-de-costas-casual-veludo-vermelho-spector\/","name":"MOCHILA DE COSTAS CASUAL VELUDO VERMELHO SPECTOR - Metta Papelaria","isPartOf":{"@id":"https:\/\/mettapapelaria.com.br\/catalogo\/#website"},"primaryImageOfPage":{"@id":"https:\/\/mettapapelaria.com.br\/catalogo\/produto\/mochila-de-costas-casual-veludo-vermelho-spector\/#primaryimage"},"image":{"@id":"https:\/\/mettapapelaria.com.br\/catalogo\/produto\/mochila-de-costas-casual-veludo-vermelho-spector\/#primaryimage"},"thumbnailUrl":"https:\/\/mettapapelaria.com.br\/catalogo\/wp-content\/uploads\/2022\/11\/MOCHILA-CASUAL-VELUDO-VERMELHO-SPECTOR.jpg","datePublished":"2022-11-28T18:34:49+00:00","breadcrumb":{"@id":"https:\/\/mettapapelaria.com.br\/catalogo\/produto\/mochila-de-costas-casual-veludo-vermelho-spector\/#breadcrumb"},"inLanguage":"pt-BR","potentialAction":[{"@type":"ReadAction","target":["https:\/\/mettapapelaria.com.br\/catalogo\/produto\/mochila-de-costas-casual-veludo-vermelho-spector\/"]}]},{"@type":"ImageObject","inLanguage":"pt-BR","@id":"https:\/\/mettapapelaria.com.br\/catalogo\/produto\/mochila-de-costas-casual-veludo-vermelho-spector\/#primaryimage","url":"https:\/\/mettapapelaria.com.br\/catalogo\/wp-content\/uploads\/2022\/11\/MOCHILA-CASUAL-VELUDO-VERMELHO-SPECTOR.jpg","contentUrl":"https:\/\/mettapapelaria.com.br\/catalogo\/wp-content\/uploads\/2022\/11\/MOCHILA-CASUAL-VELUDO-VERMELHO-SPECTOR.jpg","width":1080,"height":1080,"caption":"MOCHILA DE COSTAS CASUAL VELUDO VERMELHO SPECTOR"},{"@type":"BreadcrumbList","@id":"https:\/\/mettapapelaria.com.br\/catalogo\/produto\/mochila-de-costas-casual-veludo-vermelho-spector\/#breadcrumb","itemListElement":[{"@type":"ListItem","position":1,"name":"In\u00edcio","item":"https:\/\/mettapapelaria.com.br\/catalogo\/"},{"@type":"ListItem","position":2,"name":"Shop","item":"https:\/\/mettapapelaria.com.br\/catalogo\/shop\/"},{"@type":"ListItem","position":3,"name":"MOCHILA DE COSTAS CASUAL VELUDO VERMELHO SPECTOR"}]},{"@type":"WebSite","@id":"https:\/\/mettapapelaria.com.br\/catalogo\/#website","url":"https:\/\/mettapapelaria.com.br\/catalogo\/","name":"Metta Papelaria","description":"Materiais e equipamentos de escrit\u00f3rio, suprimentos para inform\u00e1tica, e uma diversificada linha de material escolar","publisher":{"@id":"https:\/\/mettapapelaria.com.br\/catalogo\/#organization"},"potentialAction":[{"@type":"SearchAction","target":{"@type":"EntryPoint","urlTemplate":"https:\/\/mettapapelaria.com.br\/catalogo\/?s={search_term_string}"},"query-input":{"@type":"PropertyValueSpecification","valueRequired":true,"valueName":"search_term_string"}}],"inLanguage":"pt-BR"},{"@type":"Organization","@id":"https:\/\/mettapapelaria.com.br\/catalogo\/#organization","name":"Metta Papelaria","url":"https:\/\/mettapapelaria.com.br\/catalogo\/","logo":{"@type":"ImageObject","inLanguage":"pt-BR","@id":"https:\/\/mettapapelaria.com.br\/catalogo\/#\/schema\/logo\/image\/","url":"https:\/\/mettapapelaria.com.br\/catalogo\/wp-content\/uploads\/2023\/12\/cropped-favicon-Metta_512-1.png","contentUrl":"https:\/\/mettapapelaria.com.br\/catalogo\/wp-content\/uploads\/2023\/12\/cropped-favicon-Metta_512-1.png","width":512,"height":512,"caption":"Metta Papelaria"},"image":{"@id":"https:\/\/mettapapelaria.com.br\/catalogo\/#\/schema\/logo\/image\/"},"sameAs":["https:\/\/www.facebook.com\/mettapapelaria\/","https:\/\/www.instagram.com\/papelariametta\/"]}]}},"_links":{"self":[{"href":"https:\/\/mettapapelaria.com.br\/catalogo\/wp-json\/wp\/v2\/product\/1998","targetHints":{"allow":["GET"]}}],"collection":[{"href":"https:\/\/mettapapelaria.com.br\/catalogo\/wp-json\/wp\/v2\/product"}],"about":[{"href":"https:\/\/mettapapelaria.com.br\/catalogo\/wp-json\/wp\/v2\/types\/product"}],"replies":[{"embeddable":true,"href":"https:\/\/mettapapelaria.com.br\/catalogo\/wp-json\/wp\/v2\/comments?post=1998"}],"version-history":[{"count":0,"href":"https:\/\/mettapapelaria.com.br\/catalogo\/wp-json\/wp\/v2\/product\/1998\/revisions"}],"wp:featuredmedia":[{"embeddable":true,"href":"https:\/\/mettapapelaria.com.br\/catalogo\/wp-json\/wp\/v2\/media\/1995"}],"wp:attachment":[{"href":"https:\/\/mettapapelaria.com.br\/catalogo\/wp-json\/wp\/v2\/media?parent=1998"}],"wp:term":[{"taxonomy":"brand","embeddable":true,"href":"https:\/\/mettapapelaria.com.br\/catalogo\/wp-json\/wp\/v2\/etheme_brands?post=1998"},{"taxonomy":"product_brand","embeddable":true,"href":"https:\/\/mettapapelaria.com.br\/catalogo\/wp-json\/wp\/v2\/product_brand?post=1998"},{"taxonomy":"product_cat","embeddable":true,"href":"https:\/\/mettapapelaria.com.br\/catalogo\/wp-json\/wp\/v2\/product_cat?post=1998"},{"taxonomy":"product_tag","embeddable":true,"href":"https:\/\/mettapapelaria.com.br\/catalogo\/wp-json\/wp\/v2\/product_tag?post=1998"}],"curies":[{"name":"wp","href":"https:\/\/api.w.org\/{rel}","templated":true}]}}