{"id":1841,"date":"2022-11-16T16:25:15","date_gmt":"2022-11-16T19:25:15","guid":{"rendered":"https:\/\/mettapapelaria.com.br\/catalogo\/produto\/caderno-pequeno-com-espiral-magic-tilibra\/"},"modified":"2024-01-10T14:29:30","modified_gmt":"2024-01-10T17:29:30","slug":"caderno-pequeno-com-espiral-magic-tilibra","status":"publish","type":"product","link":"https:\/\/mettapapelaria.com.br\/catalogo\/produto\/caderno-pequeno-com-espiral-magic-tilibra\/","title":{"rendered":"CADERNO COM ESPIRAL COLLEGE MAGIC TILIBRA"},"content":{"rendered":"<p>O Caderno Espiral Capa Dura Colegial 1 Mat\u00e9rias Magic 80 Folhas possui formato inovador e compacto, ideal para quem gosta de praticidade. Possui 80 folhas, capa dura com a parte interna decorada, bolsa de papel decorada, folha com adesivos funcionais e folhas pautadas destac\u00e1veis.<\/p>\n<p>Detalhes<\/p>\n<ul>\n<li>Bolsa de papel decorada<\/li>\n<li>Capa: com detalhe metalizado e dura<\/li>\n<li>Espiral colorido<\/li>\n<li>Folha de adesivos<\/li>\n<li>\u00cdndice<\/li>\n<li>Miolo: pautado<\/li>\n<li>N\u00famero de mat\u00e9rias: 1 mat\u00e9ria<\/li>\n<li>Parte interna da capa decorada<\/li>\n<li>Produto certificado: FSC<\/li>\n<li>Formato: 177mm x 240mm<\/li>\n<li>Gramatura: 56 g\/m\u00b2<\/li>\n<li>N\u00famero de folhas: 80 folhas<\/li>\n<\/ul>\n","protected":false},"excerpt":{"rendered":"<p>O Caderno Espiral Capa Dura Colegial 1 Mat\u00e9rias Magic 80 Folhas possui formato inovador e compacto, ideal para quem gosta de praticidade. Possui 80 folhas,&#8230;<\/p>\n","protected":false},"featured_media":1837,"comment_status":"open","ping_status":"closed","template":"","meta":[],"etheme_brands":[{"term_id":311,"name":"Tilibra","slug":"tilibra","term_group":0,"term_taxonomy_id":311,"taxonomy":"brand","description":"","parent":0,"count":148,"filter":"raw"}],"product_brand":[],"product_cat":[20,128,25],"product_tag":[270,272,313,271,397,293,276,399,402,316,275,395,294,292,227,225,434,467,317,274,318,468],"class_list":{"0":"post-1841","1":"product","2":"type-product","3":"status-publish","4":"has-post-thumbnail","6":"brand-tilibra","7":"product_cat-cadernos","8":"product_cat-cadernos-de-1-materia","9":"product_cat-material","10":"product_tag-caderno","11":"product_tag-caderno-1-materia","12":"product_tag-caderno-colegial","13":"product_tag-caderno-com-espiral","14":"product_tag-cores-pasteis","15":"product_tag-crianca","16":"product_tag-escola","17":"product_tag-espaco","18":"product_tag-estrelas","19":"product_tag-estudante","20":"product_tag-faculdade","21":"product_tag-fofo","22":"product_tag-infantil","23":"product_tag-kids","24":"product_tag-material-escolar","25":"product_tag-metta-papelaria","26":"product_tag-planetas","27":"product_tag-signos","28":"product_tag-study","29":"product_tag-universidade","30":"product_tag-volta-as-aulas","31":"product_tag-zodiaco","33":"first","34":"instock","35":"sold-individually","36":"shipping-taxable","37":"purchasable","38":"product-type-simple"},"yoast_head":"<!-- This site is optimized with the Yoast SEO plugin v26.9 - https:\/\/yoast.com\/product\/yoast-seo-wordpress\/ -->\n<title>CADERNO COM ESPIRAL COLLEGE MAGIC TILIBRA - Metta Papelaria<\/title>\n<meta name=\"robots\" content=\"index, follow, max-snippet:-1, max-image-preview:large, max-video-preview:-1\" \/>\n<link rel=\"canonical\" href=\"https:\/\/mettapapelaria.com.br\/catalogo\/produto\/caderno-pequeno-com-espiral-magic-tilibra\/\" \/>\n<meta property=\"og:locale\" content=\"pt_BR\" \/>\n<meta property=\"og:type\" content=\"article\" \/>\n<meta property=\"og:title\" content=\"CADERNO COM ESPIRAL COLLEGE MAGIC TILIBRA - Metta Papelaria\" \/>\n<meta property=\"og:description\" content=\"O Caderno Espiral Capa Dura Colegial 1 Mat\u00e9rias Magic 80 Folhas possui formato inovador e compacto, ideal para quem gosta de praticidade. Possui 80 folhas,...\" \/>\n<meta property=\"og:url\" content=\"https:\/\/mettapapelaria.com.br\/catalogo\/produto\/caderno-pequeno-com-espiral-magic-tilibra\/\" \/>\n<meta property=\"og:site_name\" content=\"Metta Papelaria\" \/>\n<meta property=\"article:publisher\" content=\"https:\/\/www.facebook.com\/mettapapelaria\/\" \/>\n<meta property=\"article:modified_time\" content=\"2024-01-10T17:29:30+00:00\" \/>\n<meta property=\"og:image\" content=\"https:\/\/mettapapelaria.com.br\/catalogo\/wp-content\/uploads\/2022\/11\/CADERNO-PEQUENO-COM-ESPIRAL-MAGIC-TILIBRA.jpg\" \/>\n\t<meta property=\"og:image:width\" content=\"1080\" \/>\n\t<meta property=\"og:image:height\" content=\"1080\" \/>\n\t<meta property=\"og:image:type\" content=\"image\/jpeg\" \/>\n<meta name=\"twitter:card\" content=\"summary_large_image\" \/>\n<script type=\"application\/ld+json\" class=\"yoast-schema-graph\">{\"@context\":\"https:\/\/schema.org\",\"@graph\":[{\"@type\":\"WebPage\",\"@id\":\"https:\/\/mettapapelaria.com.br\/catalogo\/produto\/caderno-pequeno-com-espiral-magic-tilibra\/\",\"url\":\"https:\/\/mettapapelaria.com.br\/catalogo\/produto\/caderno-pequeno-com-espiral-magic-tilibra\/\",\"name\":\"CADERNO COM ESPIRAL COLLEGE MAGIC TILIBRA - Metta Papelaria\",\"isPartOf\":{\"@id\":\"https:\/\/mettapapelaria.com.br\/catalogo\/#website\"},\"primaryImageOfPage\":{\"@id\":\"https:\/\/mettapapelaria.com.br\/catalogo\/produto\/caderno-pequeno-com-espiral-magic-tilibra\/#primaryimage\"},\"image\":{\"@id\":\"https:\/\/mettapapelaria.com.br\/catalogo\/produto\/caderno-pequeno-com-espiral-magic-tilibra\/#primaryimage\"},\"thumbnailUrl\":\"https:\/\/mettapapelaria.com.br\/catalogo\/wp-content\/uploads\/2022\/11\/CADERNO-PEQUENO-COM-ESPIRAL-MAGIC-TILIBRA.jpg\",\"datePublished\":\"2022-11-16T19:25:15+00:00\",\"dateModified\":\"2024-01-10T17:29:30+00:00\",\"breadcrumb\":{\"@id\":\"https:\/\/mettapapelaria.com.br\/catalogo\/produto\/caderno-pequeno-com-espiral-magic-tilibra\/#breadcrumb\"},\"inLanguage\":\"pt-BR\",\"potentialAction\":[{\"@type\":\"ReadAction\",\"target\":[\"https:\/\/mettapapelaria.com.br\/catalogo\/produto\/caderno-pequeno-com-espiral-magic-tilibra\/\"]}]},{\"@type\":\"ImageObject\",\"inLanguage\":\"pt-BR\",\"@id\":\"https:\/\/mettapapelaria.com.br\/catalogo\/produto\/caderno-pequeno-com-espiral-magic-tilibra\/#primaryimage\",\"url\":\"https:\/\/mettapapelaria.com.br\/catalogo\/wp-content\/uploads\/2022\/11\/CADERNO-PEQUENO-COM-ESPIRAL-MAGIC-TILIBRA.jpg\",\"contentUrl\":\"https:\/\/mettapapelaria.com.br\/catalogo\/wp-content\/uploads\/2022\/11\/CADERNO-PEQUENO-COM-ESPIRAL-MAGIC-TILIBRA.jpg\",\"width\":1080,\"height\":1080,\"caption\":\"CADERNO PEQUENO COM ESPIRAL MAGIC TILIBRA\"},{\"@type\":\"BreadcrumbList\",\"@id\":\"https:\/\/mettapapelaria.com.br\/catalogo\/produto\/caderno-pequeno-com-espiral-magic-tilibra\/#breadcrumb\",\"itemListElement\":[{\"@type\":\"ListItem\",\"position\":1,\"name\":\"In\u00edcio\",\"item\":\"https:\/\/mettapapelaria.com.br\/catalogo\/\"},{\"@type\":\"ListItem\",\"position\":2,\"name\":\"Shop\",\"item\":\"https:\/\/mettapapelaria.com.br\/catalogo\/shop\/\"},{\"@type\":\"ListItem\",\"position\":3,\"name\":\"CADERNO COM ESPIRAL COLLEGE MAGIC TILIBRA\"}]},{\"@type\":\"WebSite\",\"@id\":\"https:\/\/mettapapelaria.com.br\/catalogo\/#website\",\"url\":\"https:\/\/mettapapelaria.com.br\/catalogo\/\",\"name\":\"Metta Papelaria\",\"description\":\"Materiais e equipamentos de escrit\u00f3rio, suprimentos para inform\u00e1tica, e uma diversificada linha de material escolar\",\"publisher\":{\"@id\":\"https:\/\/mettapapelaria.com.br\/catalogo\/#organization\"},\"potentialAction\":[{\"@type\":\"SearchAction\",\"target\":{\"@type\":\"EntryPoint\",\"urlTemplate\":\"https:\/\/mettapapelaria.com.br\/catalogo\/?s={search_term_string}\"},\"query-input\":{\"@type\":\"PropertyValueSpecification\",\"valueRequired\":true,\"valueName\":\"search_term_string\"}}],\"inLanguage\":\"pt-BR\"},{\"@type\":\"Organization\",\"@id\":\"https:\/\/mettapapelaria.com.br\/catalogo\/#organization\",\"name\":\"Metta Papelaria\",\"url\":\"https:\/\/mettapapelaria.com.br\/catalogo\/\",\"logo\":{\"@type\":\"ImageObject\",\"inLanguage\":\"pt-BR\",\"@id\":\"https:\/\/mettapapelaria.com.br\/catalogo\/#\/schema\/logo\/image\/\",\"url\":\"https:\/\/mettapapelaria.com.br\/catalogo\/wp-content\/uploads\/2023\/12\/cropped-favicon-Metta_512-1.png\",\"contentUrl\":\"https:\/\/mettapapelaria.com.br\/catalogo\/wp-content\/uploads\/2023\/12\/cropped-favicon-Metta_512-1.png\",\"width\":512,\"height\":512,\"caption\":\"Metta Papelaria\"},\"image\":{\"@id\":\"https:\/\/mettapapelaria.com.br\/catalogo\/#\/schema\/logo\/image\/\"},\"sameAs\":[\"https:\/\/www.facebook.com\/mettapapelaria\/\",\"https:\/\/www.instagram.com\/papelariametta\/\"]}]}<\/script>\n<!-- \/ Yoast SEO plugin. -->","yoast_head_json":{"title":"CADERNO COM ESPIRAL COLLEGE MAGIC TILIBRA - Metta Papelaria","robots":{"index":"index","follow":"follow","max-snippet":"max-snippet:-1","max-image-preview":"max-image-preview:large","max-video-preview":"max-video-preview:-1"},"canonical":"https:\/\/mettapapelaria.com.br\/catalogo\/produto\/caderno-pequeno-com-espiral-magic-tilibra\/","og_locale":"pt_BR","og_type":"article","og_title":"CADERNO COM ESPIRAL COLLEGE MAGIC TILIBRA - Metta Papelaria","og_description":"O Caderno Espiral Capa Dura Colegial 1 Mat\u00e9rias Magic 80 Folhas possui formato inovador e compacto, ideal para quem gosta de praticidade. Possui 80 folhas,...","og_url":"https:\/\/mettapapelaria.com.br\/catalogo\/produto\/caderno-pequeno-com-espiral-magic-tilibra\/","og_site_name":"Metta Papelaria","article_publisher":"https:\/\/www.facebook.com\/mettapapelaria\/","article_modified_time":"2024-01-10T17:29:30+00:00","og_image":[{"width":1080,"height":1080,"url":"https:\/\/mettapapelaria.com.br\/catalogo\/wp-content\/uploads\/2022\/11\/CADERNO-PEQUENO-COM-ESPIRAL-MAGIC-TILIBRA.jpg","type":"image\/jpeg"}],"twitter_card":"summary_large_image","schema":{"@context":"https:\/\/schema.org","@graph":[{"@type":"WebPage","@id":"https:\/\/mettapapelaria.com.br\/catalogo\/produto\/caderno-pequeno-com-espiral-magic-tilibra\/","url":"https:\/\/mettapapelaria.com.br\/catalogo\/produto\/caderno-pequeno-com-espiral-magic-tilibra\/","name":"CADERNO COM ESPIRAL COLLEGE MAGIC TILIBRA - Metta Papelaria","isPartOf":{"@id":"https:\/\/mettapapelaria.com.br\/catalogo\/#website"},"primaryImageOfPage":{"@id":"https:\/\/mettapapelaria.com.br\/catalogo\/produto\/caderno-pequeno-com-espiral-magic-tilibra\/#primaryimage"},"image":{"@id":"https:\/\/mettapapelaria.com.br\/catalogo\/produto\/caderno-pequeno-com-espiral-magic-tilibra\/#primaryimage"},"thumbnailUrl":"https:\/\/mettapapelaria.com.br\/catalogo\/wp-content\/uploads\/2022\/11\/CADERNO-PEQUENO-COM-ESPIRAL-MAGIC-TILIBRA.jpg","datePublished":"2022-11-16T19:25:15+00:00","dateModified":"2024-01-10T17:29:30+00:00","breadcrumb":{"@id":"https:\/\/mettapapelaria.com.br\/catalogo\/produto\/caderno-pequeno-com-espiral-magic-tilibra\/#breadcrumb"},"inLanguage":"pt-BR","potentialAction":[{"@type":"ReadAction","target":["https:\/\/mettapapelaria.com.br\/catalogo\/produto\/caderno-pequeno-com-espiral-magic-tilibra\/"]}]},{"@type":"ImageObject","inLanguage":"pt-BR","@id":"https:\/\/mettapapelaria.com.br\/catalogo\/produto\/caderno-pequeno-com-espiral-magic-tilibra\/#primaryimage","url":"https:\/\/mettapapelaria.com.br\/catalogo\/wp-content\/uploads\/2022\/11\/CADERNO-PEQUENO-COM-ESPIRAL-MAGIC-TILIBRA.jpg","contentUrl":"https:\/\/mettapapelaria.com.br\/catalogo\/wp-content\/uploads\/2022\/11\/CADERNO-PEQUENO-COM-ESPIRAL-MAGIC-TILIBRA.jpg","width":1080,"height":1080,"caption":"CADERNO PEQUENO COM ESPIRAL MAGIC TILIBRA"},{"@type":"BreadcrumbList","@id":"https:\/\/mettapapelaria.com.br\/catalogo\/produto\/caderno-pequeno-com-espiral-magic-tilibra\/#breadcrumb","itemListElement":[{"@type":"ListItem","position":1,"name":"In\u00edcio","item":"https:\/\/mettapapelaria.com.br\/catalogo\/"},{"@type":"ListItem","position":2,"name":"Shop","item":"https:\/\/mettapapelaria.com.br\/catalogo\/shop\/"},{"@type":"ListItem","position":3,"name":"CADERNO COM ESPIRAL COLLEGE MAGIC TILIBRA"}]},{"@type":"WebSite","@id":"https:\/\/mettapapelaria.com.br\/catalogo\/#website","url":"https:\/\/mettapapelaria.com.br\/catalogo\/","name":"Metta Papelaria","description":"Materiais e equipamentos de escrit\u00f3rio, suprimentos para inform\u00e1tica, e uma diversificada linha de material escolar","publisher":{"@id":"https:\/\/mettapapelaria.com.br\/catalogo\/#organization"},"potentialAction":[{"@type":"SearchAction","target":{"@type":"EntryPoint","urlTemplate":"https:\/\/mettapapelaria.com.br\/catalogo\/?s={search_term_string}"},"query-input":{"@type":"PropertyValueSpecification","valueRequired":true,"valueName":"search_term_string"}}],"inLanguage":"pt-BR"},{"@type":"Organization","@id":"https:\/\/mettapapelaria.com.br\/catalogo\/#organization","name":"Metta Papelaria","url":"https:\/\/mettapapelaria.com.br\/catalogo\/","logo":{"@type":"ImageObject","inLanguage":"pt-BR","@id":"https:\/\/mettapapelaria.com.br\/catalogo\/#\/schema\/logo\/image\/","url":"https:\/\/mettapapelaria.com.br\/catalogo\/wp-content\/uploads\/2023\/12\/cropped-favicon-Metta_512-1.png","contentUrl":"https:\/\/mettapapelaria.com.br\/catalogo\/wp-content\/uploads\/2023\/12\/cropped-favicon-Metta_512-1.png","width":512,"height":512,"caption":"Metta Papelaria"},"image":{"@id":"https:\/\/mettapapelaria.com.br\/catalogo\/#\/schema\/logo\/image\/"},"sameAs":["https:\/\/www.facebook.com\/mettapapelaria\/","https:\/\/www.instagram.com\/papelariametta\/"]}]}},"_links":{"self":[{"href":"https:\/\/mettapapelaria.com.br\/catalogo\/wp-json\/wp\/v2\/product\/1841","targetHints":{"allow":["GET"]}}],"collection":[{"href":"https:\/\/mettapapelaria.com.br\/catalogo\/wp-json\/wp\/v2\/product"}],"about":[{"href":"https:\/\/mettapapelaria.com.br\/catalogo\/wp-json\/wp\/v2\/types\/product"}],"replies":[{"embeddable":true,"href":"https:\/\/mettapapelaria.com.br\/catalogo\/wp-json\/wp\/v2\/comments?post=1841"}],"version-history":[{"count":2,"href":"https:\/\/mettapapelaria.com.br\/catalogo\/wp-json\/wp\/v2\/product\/1841\/revisions"}],"predecessor-version":[{"id":6414,"href":"https:\/\/mettapapelaria.com.br\/catalogo\/wp-json\/wp\/v2\/product\/1841\/revisions\/6414"}],"wp:featuredmedia":[{"embeddable":true,"href":"https:\/\/mettapapelaria.com.br\/catalogo\/wp-json\/wp\/v2\/media\/1837"}],"wp:attachment":[{"href":"https:\/\/mettapapelaria.com.br\/catalogo\/wp-json\/wp\/v2\/media?parent=1841"}],"wp:term":[{"taxonomy":"brand","embeddable":true,"href":"https:\/\/mettapapelaria.com.br\/catalogo\/wp-json\/wp\/v2\/etheme_brands?post=1841"},{"taxonomy":"product_brand","embeddable":true,"href":"https:\/\/mettapapelaria.com.br\/catalogo\/wp-json\/wp\/v2\/product_brand?post=1841"},{"taxonomy":"product_cat","embeddable":true,"href":"https:\/\/mettapapelaria.com.br\/catalogo\/wp-json\/wp\/v2\/product_cat?post=1841"},{"taxonomy":"product_tag","embeddable":true,"href":"https:\/\/mettapapelaria.com.br\/catalogo\/wp-json\/wp\/v2\/product_tag?post=1841"}],"curies":[{"name":"wp","href":"https:\/\/api.w.org\/{rel}","templated":true}]}}